{"id":32375,"date":"2022-03-02T18:19:51","date_gmt":"2022-03-02T18:19:51","guid":{"rendered":"http:\/\/2.dev-x-pyr.com\/race-news\/"},"modified":"2022-04-09T15:05:50","modified_gmt":"2022-04-09T15:05:50","slug":"race-news","status":"publish","type":"page","link":"http:\/\/2.dev-x-pyr.com\/es\/race-news\/","title":{"rendered":"Race News"},"content":{"rendered":"<h1>Has llegado a las noticias de la carrera<\/h1>\n<h1>Vuelve aqu\u00ed cuando quieras estar al d\u00eda con las noticias oficiales de la organizaci\u00f3n de la X-Pyr<\/h1>\n<div>\n<\/div>\n<p><!--more--><br \/>\n<!-- {\"name\":\"index_blog_01\",\"type\":\"layout\",\"children\":[{\"type\":\"section\",\"props\":{\"style\":\"default\",\"width\":\"default\",\"vertical_align\":\"middle\",\"title_position\":\"center-right\",\"title_rotation\":\"left\",\"title_breakpoint\":\"xl\",\"image_position\":\"center-center\",\"padding\":\"large\",\"header_transparent\":\"dark\",\"title\":\"Race News\",\"overlap\":false,\"header_transparent_noplaceholder\":false,\"preserve_color\":false},\"children\":[{\"type\":\"row\",\"children\":[{\"type\":\"column\",\"props\":{\"image_position\":\"center-center\",\"media_overlay_gradient\":\"\",\"width_medium\":\"1-1\",\"position_sticky_breakpoint\":\"m\"},\"children\":[{\"type\":\"headline\",\"props\":{\"title_element\":\"h1\",\"title_style\":\"h2\",\"margin\":\"medium\",\"maxwidth\":\"2xlarge\",\"block_align\":\"center\",\"text_align\":\"center\",\"content\":\"Has llegado a las noticias de la carrera\"}},{\"type\":\"headline\",\"props\":{\"title_element\":\"h1\",\"title_style\":\"h3\",\"margin\":\"medium\",\"maxwidth\":\"2xlarge\",\"block_align\":\"center\",\"text_align\":\"center\",\"content\":\"Vuelve aqu\\u00ed cuando quieras estar al d\\u00eda con las noticias oficiales de la organizaci\\u00f3n de la X-Pyr\",\"title_font_family\":\"default\",\"title_color\":\"primary\"}},{\"type\":\"text\",\"props\":{\"margin\":\"default\",\"column_breakpoint\":\"m\",\"content\":\"\"}}]}],\"props\":{\"width\":\"xlarge\"}}],\"name\":\"Hero\"},{\"type\":\"section\",\"props\":{\"style\":\"primary\",\"width\":\"default\",\"vertical_align\":\"middle\",\"title_position\":\"top-left\",\"title_rotation\":\"left\",\"title_breakpoint\":\"xl\",\"image_position\":\"bottom-center\",\"padding\":\"large\",\"padding_remove_top\":false,\"image\":\"\",\"image_width\":\"2000\",\"image_height\":\"600\",\"css\":\".el-section {\\n background: #22304644;\\n}\"},\"children\":[{\"type\":\"row\",\"children\":[{\"type\":\"column\",\"props\":{\"image_position\":\"center-center\",\"media_overlay_gradient\":\"\",\"width_medium\":\"1-1\",\"position_sticky_breakpoint\":\"m\"},\"children\":[{\"type\":\"grid\",\"props\":{\"show_title\":true,\"show_meta\":true,\"show_content\":true,\"show_image\":true,\"show_link\":true,\"grid_default\":\"1\",\"grid_medium\":\"3\",\"filter_style\":\"tab\",\"filter_all\":true,\"filter_position\":\"top\",\"filter_align\":\"left\",\"filter_grid_width\":\"auto\",\"filter_grid_breakpoint\":\"m\",\"title_hover_style\":\"reset\",\"title_element\":\"h2\",\"title_align\":\"top\",\"title_grid_width\":\"1-2\",\"title_grid_breakpoint\":\"m\",\"meta_style\":\"h6\",\"meta_align\":\"below-content\",\"icon_ratio\":4,\"image_align\":\"top\",\"image_grid_width\":\"1-2\",\"image_grid_breakpoint\":\"m\",\"image_svg_color\":\"emphasis\",\"link_text\":\"Read More\",\"link_style\":\"text\",\"margin\":\"large\",\"item_animation\":true,\"grid_small\":\"2\",\"grid_large\":\"3\",\"grid_xlarge\":\"4\",\"title_style\":\"h3\",\"meta_color\":\"muted\",\"content_margin\":\"small\",\"text_align\":\"center\",\"image_width\":\"450\",\"image_height\":\"450\",\"panel_link\":true,\"image_link\":true,\"title_link\":true,\"margin_remove_top\":true,\"content_column_breakpoint\":\"m\",\"icon_width\":80,\"meta_element\":\"div\",\"panel_padding\":\"default\",\"panel_card_size\":\"\",\"panel_image_no_padding\":true,\"grid_divider\":false,\"grid_parallax\":\"0\",\"grid_masonry\":true,\"panel_style\":\"card-secondary\"},\"children\":[{\"type\":\"grid_item\",\"source\":{\"query\":{\"name\":\"posts.customPosts\",\"arguments\":{\"terms\":[133],\"category_operator\":\"IN\",\"post_tag_operator\":\"IN\",\"users\":[],\"users_operator\":\"IN\",\"offset\":0,\"limit\":15,\"order\":\"date\",\"order_direction\":\"DESC\"}},\"props\":{\"title\":{\"name\":\"title\"},\"link\":{\"name\":\"link\"},\"content\":{\"filters\":{\"search\":\"\",\"limit\":150},\"arguments\":{\"show_intro_text\":true},\"name\":\"content\"},\"image\":{\"filters\":{\"search\":\"\"},\"name\":\"featuredImage.url\"},\"image_alt\":{\"name\":\"field.intro_image.alt\",\"filters\":{\"search\":\"\"}}}}}],\"name\":\"race_grid\"},{\"type\":\"pagination\",\"props\":{\"pagination_type\":\"numeric\",\"text_align\":\"center\",\"margin\":\"medium\"}}]}],\"props\":{\"width\":\"xlarge\",\"padding_remove_horizontal\":false}}],\"name\":\"Posts\"}],\"version\":\"2.7.21\",\"yooessentialsVersion\":\"1.6.7\"} --><\/p>\n","protected":false},"excerpt":{"rendered":"<p>Has llegado a las noticias de la carrera Vuelve aqu\u00ed cuando quieras estar al d\u00eda con las noticias oficiales de la organizaci\u00f3n de la X-Pyr<\/p>\n","protected":false},"author":3,"featured_media":0,"parent":0,"menu_order":0,"comment_status":"closed","ping_status":"closed","template":"","meta":{"_acf_changed":false,"footnotes":""},"acf":[],"_links":{"self":[{"href":"http:\/\/2.dev-x-pyr.com\/es\/wp-json\/wp\/v2\/pages\/32375"}],"collection":[{"href":"http:\/\/2.dev-x-pyr.com\/es\/wp-json\/wp\/v2\/pages"}],"about":[{"href":"http:\/\/2.dev-x-pyr.com\/es\/wp-json\/wp\/v2\/types\/page"}],"author":[{"embeddable":true,"href":"http:\/\/2.dev-x-pyr.com\/es\/wp-json\/wp\/v2\/users\/3"}],"replies":[{"embeddable":true,"href":"http:\/\/2.dev-x-pyr.com\/es\/wp-json\/wp\/v2\/comments?post=32375"}],"version-history":[{"count":5,"href":"http:\/\/2.dev-x-pyr.com\/es\/wp-json\/wp\/v2\/pages\/32375\/revisions"}],"predecessor-version":[{"id":32448,"href":"http:\/\/2.dev-x-pyr.com\/es\/wp-json\/wp\/v2\/pages\/32375\/revisions\/32448"}],"wp:attachment":[{"href":"http:\/\/2.dev-x-pyr.com\/es\/wp-json\/wp\/v2\/media?parent=32375"}],"curies":[{"name":"wp","href":"https:\/\/api.w.org\/{rel}","templated":true}]}}