{"id":31817,"date":"2022-02-19T11:36:41","date_gmt":"2022-02-19T10:36:41","guid":{"rendered":"http:\/\/2.dev-x-pyr.com\/historia\/"},"modified":"2023-10-23T19:37:39","modified_gmt":"2023-10-23T17:37:39","slug":"historia","status":"publish","type":"page","link":"http:\/\/2.dev-x-pyr.com\/es\/historia\/","title":{"rendered":"Historia"},"content":{"rendered":"<p><img decoding=\"async\" src=\"\/wp-content\/uploads\/2022\/02\/hero_home_pirineos-scaled.jpg\" alt=\"\"><\/p>\n<h1>Un poco de historia<\/h1>\n<div>\n<p>        <img decoding=\"async\" src=\"\/wp-content\/uploads\/2022\/02\/day5-2.jpg\" alt=\"\"><\/p>\n<\/div>\n<h1>Ediciones anteriores de la X-Pyr<\/h1>\n<h1>Escoge la edici\u00f3n de la X-Pyr que te interese<\/h1>\n<ul>\n<li>\n<p>        <img decoding=\"async\" src=\"\/img\/logos\/x-pyr\/logo_X-Pyr_azul_verde2012.svg\" alt=\"\"><\/p>\n<h1>2012<\/h1>\n<p><a href=\"\/es\/history\/2012-h\/\"><\/a><\/p>\n<\/li>\n<li>\n<p>        <img decoding=\"async\" src=\"\/img\/logos\/x-pyr\/logo_X-Pyr_azul_verde2014.svg\" alt=\"\"><\/p>\n<h1>2014<\/h1>\n<p><a href=\"\/es\/history\/2014-h\/\"><\/a><\/p>\n<\/li>\n<li>\n<p>        <img decoding=\"async\" src=\"\/img\/logos\/x-pyr\/logo_X-Pyr_azul_verde2016.svg\" alt=\"\"><\/p>\n<h1>2016<\/h1>\n<p><a href=\"\/es\/history\/2016-h\/\"><\/a><\/p>\n<\/li>\n<li>\n<p>        <img decoding=\"async\" src=\"\/img\/logos\/x-pyr\/logo_X-Pyr_azul_verde2018.svg\" alt=\"\"><\/p>\n<h1>2018<\/h1>\n<p><a href=\"\/es\/history\/2018-h\/\"><\/a><\/p>\n<\/li>\n<li>\n<p>        <img decoding=\"async\" src=\"\/img\/logos\/x-pyr\/logo_X-Pyr_azul_verde2020.svg\" alt=\"\"><\/p>\n<h1>2020<\/h1>\n<p><a href=\"\/es\/history\/2020-h\/\"><\/a><\/p>\n<\/li>\n<li>\n<p>        <img decoding=\"async\" src=\"\/img\/logos\/x-pyr\/logo_X-Pyr_azul_verde2022.svg\" alt=\"\"><\/p>\n<h1>2022<\/h1>\n<p><a href=\"\/es\/history\/2022-h\/\"><\/a><\/p>\n<\/li>\n<\/ul>\n<div>\n<p>        <img decoding=\"async\" src=\"\/wp-content\/uploads\/2022\/02\/0b-e1644697549905.jpg\" alt=\"\u00cd\u00f1igo Red\u00edn, director de carrera\"><\/p>\n<h2>Hey!, mira  <br class=\"uk-visible@m\"> <span class=\"uk-text-secondary\">qu\u00e9 pas\u00f3<\/span><\/h2>\n<\/div>\n<p>\n    <a href=\"\/blog\/\">All News<\/a>\n<\/p>\n<div>\n<\/div>\n<p><!--more--><br \/>\n<!-- {\"type\":\"layout\",\"children\":[{\"type\":\"section\",\"props\":{\"style\":\"default\",\"width\":\"\",\"vertical_align\":\"middle\",\"title_position\":\"top-left\",\"title_rotation\":\"left\",\"title_breakpoint\":\"xl\",\"image_position\":\"bottom-center\",\"image\":\"\",\"image_height\":\"800\",\"padding\":\"none\"},\"children\":[{\"type\":\"row\",\"children\":[{\"type\":\"column\",\"props\":{\"position_sticky_breakpoint\":\"m\",\"image_position\":\"center-center\",\"media_overlay_gradient\":\"\"},\"children\":[{\"type\":\"image\",\"props\":{\"margin\":\"default\",\"image_svg_color\":\"emphasis\",\"image\":\"wp-content\\\/uploads\\\/2022\\\/02\\\/hero_home_pirineos-scaled.jpg\",\"image_width\":\"2500\",\"image_height\":\"600\"}}]}]}]},{\"type\":\"section\",\"props\":{\"style\":\"muted\",\"width\":\"\",\"vertical_align\":\"middle\",\"title_position\":\"center-left\",\"title_rotation\":\"left\",\"title_breakpoint\":\"xl\",\"image_position\":\"top-center\",\"padding\":\"none\",\"title\":\"History\",\"padding_remove_bottom\":false,\"image\":\"\",\"image_width\":\"2500\",\"image_height\":\"400\"},\"children\":[{\"type\":\"row\",\"props\":{\"margin\":\"medium\",\"margin_remove_bottom\":true,\"margin_remove_top\":false},\"children\":[{\"type\":\"column\",\"props\":{\"image_position\":\"center-center\",\"media_overlay_gradient\":\"\",\"width_medium\":\"\",\"position_sticky_breakpoint\":\"m\",\"style\":\"default\"},\"children\":[{\"type\":\"headline\",\"props\":{\"title_element\":\"h1\",\"content\":\"Un poco de historia\"}},{\"type\":\"panel\",\"props\":{\"link_text\":\"Read more\",\"title_hover_style\":\"reset\",\"title_element\":\"h3\",\"title_align\":\"top\",\"title_grid_width\":\"1-2\",\"title_grid_breakpoint\":\"m\",\"meta_style\":\"meta\",\"meta_align\":\"below-title\",\"meta_element\":\"div\",\"content_column_breakpoint\":\"m\",\"icon_width\":80,\"image_align\":\"right\",\"image_grid_width\":\"1-3\",\"image_grid_breakpoint\":\"m\",\"image_svg_color\":\"emphasis\",\"link_style\":\"default\",\"margin\":\"default\",\"image\":\"wp-content\\\/uploads\\\/2022\\\/02\\\/day5-2.jpg\",\"panel_style\":\"tile-default\",\"panel_padding\":\"large\",\"panel_image_no_padding\":true,\"content_column\":\"1-2\",\"margin_remove_bottom\":true,\"content_column_divider\":true,\"status\":\"disabled\"},\"source\":{\"query\":{\"name\":\"posts.customPost\",\"arguments\":{\"terms\":[],\"category_operator\":\"IN\",\"post_tag_operator\":\"IN\",\"users\":[],\"users_operator\":\"IN\",\"offset\":0,\"order\":\"date\",\"order_direction\":\"DESC\",\"id\":31841}},\"props\":{\"content\":{\"filters\":{\"search\":\"\"},\"arguments\":{\"show_intro_text\":true},\"name\":\"content\"}}}},{\"type\":\"panel\",\"props\":{\"link_text\":\"Read more\",\"title_hover_style\":\"reset\",\"title_element\":\"h3\",\"title_align\":\"top\",\"title_grid_width\":\"1-2\",\"title_grid_breakpoint\":\"m\",\"meta_style\":\"meta\",\"meta_align\":\"below-title\",\"meta_element\":\"div\",\"content_column_breakpoint\":\"m\",\"icon_width\":80,\"image_align\":\"right\",\"image_grid_width\":\"1-3\",\"image_grid_breakpoint\":\"m\",\"image_svg_color\":\"emphasis\",\"link_style\":\"default\",\"margin\":\"default\",\"image\":\"wp-content\\\/uploads\\\/2022\\\/02\\\/day5-2.jpg\",\"panel_style\":\"tile-default\",\"panel_padding\":\"large\",\"panel_image_no_padding\":true,\"content_column\":\"1-2\",\"margin_remove_bottom\":true,\"content_column_divider\":true,\"status\":\"\"},\"source\":{\"query\":{\"name\":\"posts.customPost\",\"arguments\":{\"terms\":[],\"category_operator\":\"IN\",\"post_tag_operator\":\"IN\",\"users\":[],\"users_operator\":\"IN\",\"offset\":0,\"order\":\"date\",\"order_direction\":\"DESC\",\"id\":38703}},\"props\":{\"content\":{\"filters\":{\"search\":\"\"},\"arguments\":{\"show_intro_text\":true},\"name\":\"content\"}}}}]}]}],\"name\":\"A_bit_of_history_en_19feb\"},{\"type\":\"section\",\"props\":{\"style\":\"secondary\",\"width\":\"default\",\"vertical_align\":\"middle\",\"title_position\":\"top-left\",\"title_rotation\":\"left\",\"title_breakpoint\":\"xl\",\"image_position\":\"center-right\",\"image\":\"\",\"image_width\":\"500\",\"image_height\":\"500\"},\"children\":[{\"type\":\"row\",\"children\":[{\"type\":\"column\",\"props\":{\"position_sticky_breakpoint\":\"m\",\"image_position\":\"center-center\",\"media_overlay_gradient\":\"\",\"width_medium\":\"\"},\"children\":[{\"type\":\"headline\",\"props\":{\"title_element\":\"h1\",\"content\":\"Ediciones anteriores de la X-Pyr\"}},{\"type\":\"headline\",\"props\":{\"title_element\":\"h1\",\"content\":\"Escoge la edici\\u00f3n de la X-Pyr que te interese\",\"title_style\":\"h4\",\"title_font_family\":\"default\"}},{\"type\":\"grid\",\"props\":{\"show_title\":true,\"show_meta\":true,\"show_content\":true,\"show_image\":true,\"show_link\":true,\"grid_default\":\"auto\",\"grid_medium\":\"auto\",\"filter_style\":\"tab\",\"filter_all\":true,\"filter_position\":\"top\",\"filter_align\":\"left\",\"filter_grid_width\":\"auto\",\"filter_grid_breakpoint\":\"m\",\"title_hover_style\":\"reset\",\"title_element\":\"h1\",\"title_align\":\"top\",\"title_grid_width\":\"1-2\",\"title_grid_breakpoint\":\"m\",\"meta_style\":\"meta\",\"meta_align\":\"below-title\",\"meta_element\":\"div\",\"content_column_breakpoint\":\"m\",\"icon_width\":80,\"image_align\":\"top\",\"image_grid_width\":\"1-2\",\"image_grid_breakpoint\":\"m\",\"image_svg_color\":\"emphasis\",\"link_text\":\"\",\"link_style\":\"default\",\"margin\":\"default\",\"item_animation\":true,\"grid_divider\":false,\"grid_xlarge\":\"5\",\"grid_large\":\"auto\",\"grid_small\":\"auto\",\"panel_link\":true,\"panel_style\":\"tile-muted\",\"panel_padding\":\"\",\"panel_image_no_padding\":true,\"grid_row_gap\":\"small\",\"grid_column_gap\":\"small\",\"title_style\":\"h2\",\"title_font_family\":\"secondary\",\"title_color\":\"success\",\"image_width\":\"280\",\"link_target\":false,\"text_align\":\"center\"},\"children\":[{\"type\":\"grid_item\",\"props\":{\"title\":\"2012\",\"image\":\"img\\\/logos\\\/x-pyr\\\/logo_X-Pyr_azul_verde2012.svg\",\"link\":\"es\\\/history\\\/2012-h\\\/\"}},{\"type\":\"grid_item\",\"props\":{\"title\":\"2014\",\"image\":\"img\\\/logos\\\/x-pyr\\\/logo_X-Pyr_azul_verde2014.svg\",\"link\":\"es\\\/history\\\/2014-h\\\/\"}},{\"type\":\"grid_item\",\"props\":{\"title\":\"2016\",\"image\":\"img\\\/logos\\\/x-pyr\\\/logo_X-Pyr_azul_verde2016.svg\",\"link\":\"es\\\/history\\\/2016-h\\\/\"}},{\"type\":\"grid_item\",\"props\":{\"title\":\"2018\",\"image\":\"img\\\/logos\\\/x-pyr\\\/logo_X-Pyr_azul_verde2018.svg\",\"link\":\"es\\\/history\\\/2018-h\\\/\"}},{\"type\":\"grid_item\",\"props\":{\"title\":\"2020\",\"image\":\"img\\\/logos\\\/x-pyr\\\/logo_X-Pyr_azul_verde2020.svg\",\"link\":\"es\\\/history\\\/2020-h\\\/\"}},{\"type\":\"grid_item\",\"props\":{\"title\":\"2022\",\"image\":\"img\\\/logos\\\/x-pyr\\\/logo_X-Pyr_azul_verde2022.svg\",\"link\":\"es\\\/history\\\/2022-h\\\/\"}}]}]}]}],\"name\":\"submenu_previous_editions\"},{\"type\":\"section\",\"props\":{\"style\":\"default\",\"width\":\"xlarge\",\"vertical_align\":\"middle\",\"title_position\":\"top-left\",\"title_rotation\":\"left\",\"title_breakpoint\":\"xl\",\"image_position\":\"bottom-center\",\"padding\":\"xlarge\",\"padding_remove_top\":false,\"preserve_color\":true,\"image\":\"wp-content\\\/uploads\\\/2022\\\/02\\\/pilots_02.jpg\",\"overlap\":false,\"text_color\":\"light\",\"padding_remove_bottom\":false,\"image_size\":\"cover\"},\"children\":[{\"type\":\"row\",\"props\":{\"layout\":\"2-3,1-3\",\"width\":\"xlarge\",\"column_gap\":\"collapse\",\"row_gap\":\"small\",\"margin_remove_bottom\":false,\"margin_remove_top\":false},\"children\":[{\"type\":\"column\",\"props\":{\"image_position\":\"center-center\",\"media_overlay_gradient\":\"\",\"vertical_align\":\"middle\",\"width_small\":\"2-3\",\"position_sticky_breakpoint\":\"m\"},\"children\":[{\"type\":\"panel\",\"props\":{\"link_text\":\"Read more\",\"title_hover_style\":\"reset\",\"title_element\":\"h2\",\"title_align\":\"top\",\"title_grid_width\":\"1-2\",\"title_grid_breakpoint\":\"m\",\"meta_style\":\"meta\",\"meta_align\":\"below-title\",\"image_align\":\"left\",\"image_grid_width\":\"auto\",\"image_grid_breakpoint\":\"s\",\"image_svg_color\":\"emphasis\",\"link_style\":\"default\",\"margin\":\"default\",\"image_border\":\"circle\",\"image_grid_column_gap\":\"small\",\"image_grid_row_gap\":\"small\",\"text_align\":\"left\",\"text_align_breakpoint\":\"s\",\"text_align_fallback\":\"center\",\"image\":\"wp-content\\\/uploads\\\/2022\\\/02\\\/0b-e1644697549905.jpg\",\"image_width\":\"140\",\"image_height\":\"140\",\"title\":\"Hey!, mira  <br class=\\\"uk-visible@m\\\"> <span class=\\\"uk-text-secondary\\\">qu\\u00e9 pas\\u00f3<\\\/span>\",\"image_vertical_align\":true,\"icon_width\":80,\"content_column_breakpoint\":\"m\",\"meta_element\":\"div\",\"image_alt\":\"\\u00cd\\u00f1igo Red\\u00edn, director de carrera\"}}]},{\"type\":\"column\",\"props\":{\"image_position\":\"center-center\",\"media_overlay_gradient\":\"\",\"vertical_align\":\"middle\",\"width_small\":\"1-3\",\"position_sticky_breakpoint\":\"m\"},\"children\":[]}]},{\"type\":\"row\",\"children\":[{\"type\":\"column\",\"props\":{\"position_sticky_breakpoint\":\"m\",\"image_position\":\"center-center\",\"media_overlay_gradient\":\"\",\"width_medium\":\"1-3\"},\"children\":[{\"type\":\"headline\",\"props\":{\"title_element\":\"h2\",\"margin\":\"medium\",\"text_align\":\"left\",\"text_align_breakpoint\":\"s\",\"text_align_fallback\":\"center\",\"content\":\"\"}}]},{\"type\":\"column\",\"props\":{\"position_sticky_breakpoint\":\"m\",\"image_position\":\"center-center\",\"media_overlay_gradient\":\"\",\"width_medium\":\"2-3\"},\"children\":[]}],\"props\":{\"layout\":\"1-3,2-3\"}},{\"type\":\"row\",\"children\":[{\"type\":\"column\",\"props\":{\"position_sticky_breakpoint\":\"m\",\"image_position\":\"center-center\",\"media_overlay_gradient\":\"\",\"width_medium\":\"1-3\"},\"children\":[]},{\"type\":\"column\",\"props\":{\"position_sticky_breakpoint\":\"m\",\"image_position\":\"center-center\",\"media_overlay_gradient\":\"\",\"width_medium\":\"2-3\"},\"children\":[{\"type\":\"button\",\"props\":{\"grid_column_gap\":\"small\",\"grid_row_gap\":\"small\",\"margin\":\"default\",\"text_align\":\"right\",\"text_align_breakpoint\":\"s\",\"text_align_fallback\":\"center\"},\"children\":[{\"type\":\"button_item\",\"props\":{\"button_style\":\"secondary\",\"icon_align\":\"left\",\"link\":\"blog\\\/\",\"content\":\"All News\"}}]}]}],\"props\":{\"layout\":\"1-3,2-3\"}},{\"type\":\"row\",\"children\":[{\"type\":\"column\",\"props\":{\"position_sticky_breakpoint\":\"m\",\"image_position\":\"center-center\",\"media_overlay_gradient\":\"\",\"width_medium\":\"\",\"vertical_align\":\"bottom\"},\"children\":[{\"type\":\"panel-slider\",\"props\":{\"show_title\":true,\"show_meta\":true,\"show_content\":true,\"show_image\":true,\"show_link\":true,\"slider_width\":\"\",\"slider_width_default\":\"1-1\",\"slider_width_medium\":\"1-3\",\"slider_gap\":\"default\",\"slider_autoplay_pause\":true,\"nav\":\"dotnav\",\"nav_align\":\"center\",\"nav_breakpoint\":\"s\",\"slidenav\":\"outside\",\"slidenav_margin\":\"\",\"slidenav_breakpoint\":\"\",\"slidenav_outside_breakpoint\":\"xl\",\"panel_card_match\":true,\"title_hover_style\":\"reset\",\"title_element\":\"h3\",\"title_align\":\"top\",\"title_grid_width\":\"1-2\",\"title_grid_breakpoint\":\"m\",\"meta_style\":\"meta\",\"meta_align\":\"below-title\",\"meta_element\":\"div\",\"content_column_breakpoint\":\"m\",\"icon_width\":80,\"image_align\":\"top\",\"image_grid_width\":\"1-2\",\"image_grid_breakpoint\":\"m\",\"image_svg_color\":\"emphasis\",\"link_text\":\"\",\"link_style\":\"default\",\"margin\":\"default\",\"slider_divider\":false,\"nav_margin\":\"\",\"panel_link\":true,\"panel_card_offset\":false,\"panel_padding\":\"default\",\"margin_remove_bottom\":true,\"slider_width_large\":\"1-3\",\"slider_width_xlarge\":\"1-3\",\"slidenav_hover\":false,\"image_width\":\"300\",\"image_height\":\"200\",\"panel_image_no_padding\":true,\"slider_width_small\":\"4-5\",\"slider_sets\":true,\"slider_autoplay\":true,\"css\":\".el-item {\\n\\tbackground-color: #223046cc;\\n}\",\"content_column\":\"\",\"content_margin\":\"remove\"},\"children\":[{\"type\":\"panel-slider_item\",\"props\":{\"panel_style\":\"tile-secondary\"},\"source\":{\"query\":{\"name\":\"posts.customPosts\",\"arguments\":{\"terms\":[98],\"category_operator\":\"IN\",\"post_tag_operator\":\"IN\",\"users\":[],\"users_operator\":\"IN\",\"offset\":0,\"limit\":10,\"order\":\"date\",\"order_direction\":\"DESC\"}},\"props\":{\"title\":{\"filters\":{\"search\":\"\"},\"name\":\"title\"},\"meta\":{\"filters\":{\"search\":\"\",\"date\":\"\"},\"name\":\"date\"},\"image\":{\"filters\":{\"search\":\"\"},\"name\":\"featuredImage.url\"},\"link\":{\"filters\":{\"search\":\"\"},\"name\":\"link\"},\"content\":{\"filters\":{\"search\":\"\",\"limit\":80},\"arguments\":{\"show_intro_text\":true},\"name\":\"content\"}}}}]}]}],\"props\":{\"margin_remove_bottom\":false,\"margin\":\"default\"}}],\"name\":\"previous_editions_en_19feb\"}],\"version\":\"2.7.22\",\"yooessentialsVersion\":\"1.6.8\"} --><\/p>\n","protected":false},"excerpt":{"rendered":"<p>Un poco de historia Ediciones anteriores de la X-Pyr Escoge la edici\u00f3n de la X-Pyr que te interese 2012 2014 2016 2018 2020 2022 Hey!, mira qu\u00e9 pas\u00f3 All News<\/p>\n","protected":false},"author":3,"featured_media":0,"parent":0,"menu_order":0,"comment_status":"closed","ping_status":"closed","template":"","meta":{"_acf_changed":false,"footnotes":""},"acf":[],"_links":{"self":[{"href":"http:\/\/2.dev-x-pyr.com\/es\/wp-json\/wp\/v2\/pages\/31817"}],"collection":[{"href":"http:\/\/2.dev-x-pyr.com\/es\/wp-json\/wp\/v2\/pages"}],"about":[{"href":"http:\/\/2.dev-x-pyr.com\/es\/wp-json\/wp\/v2\/types\/page"}],"author":[{"embeddable":true,"href":"http:\/\/2.dev-x-pyr.com\/es\/wp-json\/wp\/v2\/users\/3"}],"replies":[{"embeddable":true,"href":"http:\/\/2.dev-x-pyr.com\/es\/wp-json\/wp\/v2\/comments?post=31817"}],"version-history":[{"count":16,"href":"http:\/\/2.dev-x-pyr.com\/es\/wp-json\/wp\/v2\/pages\/31817\/revisions"}],"predecessor-version":[{"id":38776,"href":"http:\/\/2.dev-x-pyr.com\/es\/wp-json\/wp\/v2\/pages\/31817\/revisions\/38776"}],"wp:attachment":[{"href":"http:\/\/2.dev-x-pyr.com\/es\/wp-json\/wp\/v2\/media?parent=31817"}],"curies":[{"name":"wp","href":"https:\/\/api.w.org\/{rel}","templated":true}]}}