{"id":31815,"date":"2022-03-02T18:22:54","date_gmt":"2022-03-02T17:22:54","guid":{"rendered":"http:\/\/2.dev-x-pyr.com\/info\/"},"modified":"2023-10-23T19:45:56","modified_gmt":"2023-10-23T17:45:56","slug":"info","status":"publish","type":"page","link":"http:\/\/2.dev-x-pyr.com\/es\/info\/","title":{"rendered":"Info"},"content":{"rendered":"<h1>Una experiencia de libertad<\/h1>\n<h1>Una de las carreras de aventura m\u00e1s duras del mundo<\/h1>\n<div>\n<p>Somos unos aficionados enamorados de las carreras de hike &amp; fly que decidimos dise\u00f1ar una para nuestro Pirineo, nuestra propia versi\u00f3n de la carrera de aventura m\u00e1s dura del mundo.<\/p>\n<p>A partir del 23 de junio de 2024, 45 equipos intentar\u00e1n atravesar los Pirineos, pasando por las balizas que la organizaci\u00f3n ha marcado. Puntos de paso que pueden estar en las monta\u00f1as m\u00e1s altas, o en los valles m\u00e1s profundos. Comenzando en el Cant\u00e1brico y terminando en la Costa Mediterr\u00e1nea.<\/p>\n<p>Los pilotos deben llevar siempre el equipo m\u00ednimo. Consta de: vela, arn\u00e9s, paraca\u00eddas, casco, tel\u00e9fono m\u00f3vil y equipo de seguimiento en vivo.<\/p>\n<\/div>\n<div>\n<p>No hay etapas, los pilotos pueden estar en movimiento 14 horas al d\u00eda.<\/p>\n<p>El primero en llegar a meta gana. A partir de ese momento los pilotos restantes tienen un tiempo m\u00e1ximo para llegar a meta.<\/p>\n<p>En definitiva, una gran aventura. Cualquiera que desee seguir la carrera, encontrar\u00e1 informaci\u00f3n en directo, en la web. Con las ubicaci\u00f3n de los pilotos, en 3D, en un mapa completo. Fotos, v\u00eddeos, entrevistas, todo lo necesario para que los seguidores se adentren en la aventura.<\/p>\n<\/div>\n<h2>9 balizas a lo largo de los Pirineos, de costa a costa. Prep\u00e1rate, \u00e9chale un vistazo a la ruta , y a las actualizaciones constantes en la web.<\/h2>\n<h2>45 pilotos altamente cualificados, 45 asistentes incombustibles, todos tienen que dar lo mejor de s\u00ed mismos. Navega por todos los <a href=\"http:\/\/2.dev-x-pyr.com\/x_team_cat\/team-data\/\">equipos<\/a>, haz tu apuesta!<\/h2>\n<p><!--more--><br \/>\n<!-- {\"type\":\"layout\",\"children\":[{\"type\":\"section\",\"props\":{\"style\":\"muted\",\"width\":\"\",\"vertical_align\":\"middle\",\"title_position\":\"center-left\",\"title_rotation\":\"left\",\"title_breakpoint\":\"xl\",\"image_position\":\"bottom-center\",\"title\":\"The X-Pyr event\",\"padding_remove_bottom\":true,\"image\":\"wp-content\\\/uploads\\\/2022\\\/02\\\/pie_foto_03_png24.png\",\"image_width\":\"2500\",\"animation\":\"slide-bottom\",\"padding\":\"large\"},\"children\":[{\"type\":\"row\",\"children\":[{\"type\":\"column\",\"props\":{\"position_sticky_breakpoint\":\"m\",\"image_position\":\"center-center\",\"media_overlay_gradient\":\"\",\"width_medium\":\"\"},\"children\":[{\"type\":\"headline\",\"props\":{\"title_element\":\"h1\",\"content\":\"Una experiencia de libertad\",\"title_style\":\"heading-small\"}},{\"type\":\"headline\",\"props\":{\"title_element\":\"h1\",\"content\":\"Una de las carreras de aventura m\\u00e1s duras del mundo\",\"title_style\":\"h2\",\"title_font_family\":\"default\",\"title_color\":\"primary\"}}]}],\"props\":{\"margin_remove_top\":false,\"width\":\"default\",\"margin\":\"default\",\"margin_remove_bottom\":false}},{\"type\":\"row\",\"children\":[{\"type\":\"column\",\"props\":{\"position_sticky_breakpoint\":\"m\",\"image_position\":\"center-center\",\"media_overlay_gradient\":\"\",\"width_medium\":\"1-2\",\"css\":\".el-column {\\n background: rgba(255, 255, 255, 0.8);\\n padding: 2em;\\n}\"},\"children\":[{\"type\":\"text\",\"props\":{\"margin\":\"default\",\"column_breakpoint\":\"m\",\"content\":\"\n\n<p>Somos unos aficionados enamorados de las carreras de hike &amp; fly que decidimos dise\\u00f1ar una para nuestro Pirineo, nuestra propia versi\\u00f3n de la carrera de aventura m\\u00e1s dura del mundo.<\\\/p>\\n\n\n<p>A partir del 23 de junio de 2024, 45 equipos intentar\\u00e1n atravesar los Pirineos, pasando por las balizas que la organizaci\\u00f3n ha marcado. Puntos de paso que pueden estar en las monta\\u00f1as m\\u00e1s altas, o en los valles m\\u00e1s profundos. Comenzando en el Cant\\u00e1brico y terminando en la Costa Mediterr\\u00e1nea.<\\\/p>\\n\n\n<p>Los pilotos deben llevar siempre el equipo m\\u00ednimo. Consta de: vela, arn\\u00e9s, paraca\\u00eddas, casco, tel\\u00e9fono m\\u00f3vil y equipo de seguimiento en vivo.<\\\/p>\",\"text_style\":\"lead\",\"text_color\":\"secondary\"}}]},{\"type\":\"column\",\"props\":{\"position_sticky_breakpoint\":\"m\",\"image_position\":\"center-center\",\"media_overlay_gradient\":\"\",\"width_medium\":\"1-2\",\"css\":\".el-column {\\n    background: rgba(255, 255, 255, 0.8);\\n    padding: 2em;\\n}\"},\"children\":[{\"type\":\"text\",\"props\":{\"margin\":\"default\",\"column_breakpoint\":\"m\",\"content\":\"\n\n<p>No hay etapas, los pilotos pueden estar en movimiento 14 horas al d\\u00eda.<\\\/p>\\n\n\n<p>El primero en llegar a meta gana. A partir de ese momento los pilotos restantes tienen un tiempo m\\u00e1ximo para llegar a meta.<\\\/p>\\n\n\n<p>En definitiva, una gran aventura. Cualquiera que desee seguir la carrera, encontrar\\u00e1 informaci\\u00f3n en directo, en la web. Con las ubicaci\\u00f3n de los pilotos, en 3D, en un mapa completo. Fotos, v\\u00eddeos, entrevistas, todo lo necesario para que los seguidores se adentren en la aventura.<\\\/p>\",\"text_style\":\"lead\",\"text_color\":\"secondary\"}}]}],\"props\":{\"margin_remove_top\":true,\"width\":\"default\",\"margin\":\"xlarge\",\"layout\":\"1-2,1-2\",\"column_gap\":\"collapse\",\"attributes\":\"\",\"row_gap\":\"collapse\",\"margin_remove_bottom\":true}},{\"type\":\"row\",\"children\":[{\"type\":\"column\",\"props\":{\"position_sticky_breakpoint\":\"m\",\"image_position\":\"center-center\",\"media_overlay_gradient\":\"\",\"width_medium\":\"\",\"css\":\".el-column {\\n    background: rgba(255, 255, 255, 0.8);\\n    padding: 2em;\\n}\"},\"children\":[{\"type\":\"headline\",\"props\":{\"title_element\":\"h2\",\"position\":\"relative\",\"position_z_index\":\"1\",\"maxwidth\":\"2xlarge\",\"block_align\":\"center\",\"text_align\":\"center\",\"content\":\"9 balizas a lo largo de los Pirineos, de costa a costa. Prep\\u00e1rate, \\u00e9chale un vistazo a la ruta , y a las actualizaciones constantes en la web.\",\"margin_remove_top\":false},\"name\":\"waypoints\"},{\"type\":\"headline\",\"props\":{\"title_element\":\"h2\",\"position\":\"relative\",\"position_z_index\":\"1\",\"maxwidth\":\"2xlarge\",\"block_align\":\"center\",\"text_align\":\"center\",\"content\":\"45 pilotos altamente cualificados, 45 asistentes incombustibles, todos tienen que dar lo mejor de s\\u00ed mismos. Navega por todos los <a href=\\\"http:\\\/\\\/2.dev-x-pyr.com\\\/x_team_cat\\\/team-data\\\/\\\">equipos<\\\/a>, haz tu apuesta!\"},\"name\":\"teams\"}]}],\"props\":{\"margin_remove_top\":true,\"width\":\"default\",\"margin\":\"xlarge\",\"column_gap\":\"collapse\",\"attributes\":\"\"}}],\"name\":\"info_page\"}],\"version\":\"2.7.22\",\"yooessentialsVersion\":\"1.6.8\"} --><\/p>\n","protected":false},"excerpt":{"rendered":"<p>Una experiencia de libertad Una de las carreras de aventura m\u00e1s duras del mundo Somos unos aficionados enamorados de las carreras de hike &amp; fly que decidimos dise\u00f1ar una para nuestro Pirineo, nuestra propia versi\u00f3n de la carrera de aventura m\u00e1s dura del mundo. A partir del 23 de junio de 2024, 45 equipos intentar\u00e1n [&hellip;]<\/p>\n","protected":false},"author":3,"featured_media":0,"parent":0,"menu_order":0,"comment_status":"closed","ping_status":"closed","template":"","meta":{"_acf_changed":false,"footnotes":""},"acf":[],"_links":{"self":[{"href":"http:\/\/2.dev-x-pyr.com\/es\/wp-json\/wp\/v2\/pages\/31815"}],"collection":[{"href":"http:\/\/2.dev-x-pyr.com\/es\/wp-json\/wp\/v2\/pages"}],"about":[{"href":"http:\/\/2.dev-x-pyr.com\/es\/wp-json\/wp\/v2\/types\/page"}],"author":[{"embeddable":true,"href":"http:\/\/2.dev-x-pyr.com\/es\/wp-json\/wp\/v2\/users\/3"}],"replies":[{"embeddable":true,"href":"http:\/\/2.dev-x-pyr.com\/es\/wp-json\/wp\/v2\/comments?post=31815"}],"version-history":[{"count":8,"href":"http:\/\/2.dev-x-pyr.com\/es\/wp-json\/wp\/v2\/pages\/31815\/revisions"}],"predecessor-version":[{"id":38777,"href":"http:\/\/2.dev-x-pyr.com\/es\/wp-json\/wp\/v2\/pages\/31815\/revisions\/38777"}],"wp:attachment":[{"href":"http:\/\/2.dev-x-pyr.com\/es\/wp-json\/wp\/v2\/media?parent=31815"}],"curies":[{"name":"wp","href":"https:\/\/api.w.org\/{rel}","templated":true}]}}